{"id":1326,"date":"2024-08-21T17:14:34","date_gmt":"2024-08-21T17:14:34","guid":{"rendered":"https:\/\/ecotour-ojodeagua.com\/services\/"},"modified":"2025-07-27T14:03:20","modified_gmt":"2025-07-27T14:03:20","slug":"services","status":"publish","type":"page","link":"https:\/\/ecotour-ojodeagua.com\/en\/services\/","title":{"rendered":"Activities"},"content":{"rendered":"<div class=\"wp-block-uagb-container uagb-block-ae0bc409 alignfull uagb-is-root-container\"><div class=\"uagb-container-inner-blocks-wrap\">\n<div class=\"wp-block-uagb-advanced-heading uagb-block-8a1eebc0\"><h1 class=\"uagb-heading-text\">Activities<\/h1><\/div>\n<\/div><\/div>\n\n\n\n<div class=\"wp-block-uagb-container uagb-block-a1c5c5cb alignfull uagb-is-root-container\"><div class=\"uagb-container-inner-blocks-wrap\">\n<div class=\"wp-block-uagb-container uagb-block-ffd0d737\">\n<h2 class=\"wp-block-heading alignfull has-text-align-center has-ast-global-color-4-background-color has-background\">Trekking<\/h2>\n<\/div>\n<\/div><\/div>\n\n\n\n<div class=\"wp-block-uagb-container uagb-block-ef57a5fd alignfull uagb-is-root-container\"><div class=\"uagb-container-inner-blocks-wrap\">\n<div class=\"wp-block-uagb-container uagb-block-ffcbe5fd\">\n<div class=\"wp-block-uagb-image alignright uagb-block-66a62592 wp-block-uagb-image--layout-default wp-block-uagb-image--effect-static wp-block-uagb-image--align-right\"><figure class=\"wp-block-uagb-image__figure\"><img decoding=\"async\" srcset=\"https:\/\/ecotour-ojodeagua.com\/wp-content\/uploads\/2025\/07\/REMANSO-768x1024.jpg ,https:\/\/ecotour-ojodeagua.com\/wp-content\/uploads\/2025\/07\/REMANSO-scaled.jpg 780w, https:\/\/ecotour-ojodeagua.com\/wp-content\/uploads\/2025\/07\/REMANSO-scaled.jpg 360w\" sizes=\"(max-width: 480px) 150px\" src=\"https:\/\/ecotour-ojodeagua.com\/wp-content\/uploads\/2025\/07\/REMANSO-768x1024.jpg\" alt=\"\" class=\"uag-image-2456\" width=\"322\" height=\"366\" title=\"Exif_JPEG_420\" loading=\"lazy\" role=\"img\"\/><\/figure><\/div>\n<\/div>\n\n\n\n<div class=\"wp-block-uagb-container uagb-block-61d0f380\">\n<div class=\"wp-block-uagb-info-box uagb-block-481f5d8e uagb-infobox__content-wrap  uagb-infobox-icon-above-title uagb-infobox-image-valign-top\"><div class=\"uagb-ifb-content\"><div class=\"uagb-ifb-title-wrap\"><h4 class=\"uagb-ifb-title-prefix\">Circuito chico<\/h4><p class=\"uagb-ifb-title\"> Apto para todas las edades \u2013 de dificultad m\u00ednima .  Recomendado para ni\u00f1os muy menores y dultos sexagenaios, o mas<\/p><\/div><p class=\"uagb-ifb-desc\">Lasting between 1 and 1.5 hours, it puts you in contact with nature and a landscape that, without a doubt, you will love.<\/p><\/div><\/div>\n<\/div>\n<\/div><\/div>\n\n\n\n<div class=\"wp-block-uagb-container uagb-block-f4859b6d alignfull uagb-is-root-container\"><div class=\"uagb-container-inner-blocks-wrap\">\n<div class=\"wp-block-uagb-container uagb-block-7439c405\">\n<div class=\"wp-block-uagb-image alignright uagb-block-ec74a2c6 wp-block-uagb-image--layout-default wp-block-uagb-image--effect-static wp-block-uagb-image--align-right\"><figure class=\"wp-block-uagb-image__figure\"><img decoding=\"async\" srcset=\"https:\/\/ecotour-ojodeagua.com\/wp-content\/uploads\/2024\/08\/ectour_jujuy-11-200x300.jpg ,https:\/\/ecotour-ojodeagua.com\/wp-content\/uploads\/2024\/08\/ectour_jujuy-11-scaled.jpg 780w, https:\/\/ecotour-ojodeagua.com\/wp-content\/uploads\/2024\/08\/ectour_jujuy-11-scaled.jpg 360w\" sizes=\"(max-width: 480px) 150px\" src=\"https:\/\/ecotour-ojodeagua.com\/wp-content\/uploads\/2024\/08\/ectour_jujuy-11-200x300.jpg\" alt=\"caballo juje\u00f1o argentina\" class=\"uag-image-2332\" width=\"300\" height=\"300\" title=\"ectour_jujuy-11\" loading=\"lazy\" role=\"img\"\/><\/figure><\/div>\n<\/div>\n\n\n\n<div class=\"wp-block-uagb-container uagb-block-0e9a7fba\">\n<div class=\"wp-block-uagb-info-box uagb-block-40379a31 uagb-infobox__content-wrap  uagb-infobox-icon-above-title uagb-infobox-image-valign-top\"><div class=\"uagb-ifb-content\"><div class=\"uagb-ifb-title-wrap\"><h4 class=\"uagb-ifb-title-prefix\">Circuito intermedio<\/h4><p class=\"uagb-ifb-title\"> Lo recomendamos para visitantes de entre 12 y 60 a\u00f1os de edad. Exige un esfuerzo aer\u00f3bico algo mayor al del circuito chico<\/p><\/div><p class=\"uagb-ifb-desc\">A little more adventurous, but equally safe. Its duration will be between 1.5 and 2 hours long.<\/p><\/div><\/div>\n<\/div>\n<\/div><\/div>\n\n\n\n<div class=\"wp-block-uagb-container uagb-block-d93bf905 alignfull uagb-is-root-container\"><div class=\"uagb-container-inner-blocks-wrap\">\n<div class=\"wp-block-uagb-container uagb-block-2e5edda1\">\n<div class=\"wp-block-uagb-image alignright uagb-block-5c89f075 wp-block-uagb-image--layout-default wp-block-uagb-image--effect-static wp-block-uagb-image--align-right\"><figure class=\"wp-block-uagb-image__figure\"><img decoding=\"async\" srcset=\"https:\/\/ecotour-ojodeagua.com\/wp-content\/uploads\/2024\/08\/POjodeAgua-2-1024x1024.jpg ,https:\/\/ecotour-ojodeagua.com\/wp-content\/uploads\/2024\/08\/POjodeAgua-2.jpg 780w, https:\/\/ecotour-ojodeagua.com\/wp-content\/uploads\/2024\/08\/POjodeAgua-2.jpg 360w\" sizes=\"(max-width: 480px) 150px\" src=\"https:\/\/ecotour-ojodeagua.com\/wp-content\/uploads\/2024\/08\/POjodeAgua-2-1024x1024.jpg\" alt=\"estancia ojo de agua\" class=\"uag-image-2335\" width=\"300\" height=\"300\" title=\"POjodeAgua-2\" loading=\"lazy\" role=\"img\"\/><\/figure><\/div>\n<\/div>\n\n\n\n<div class=\"wp-block-uagb-container uagb-block-63b34e8a\">\n<div class=\"wp-block-uagb-info-box uagb-block-5a362367 uagb-infobox__content-wrap  uagb-infobox-icon-above-title uagb-infobox-image-valign-top\"><div class=\"uagb-ifb-content\"><div class=\"uagb-ifb-title-wrap\"><h4 class=\"uagb-ifb-title-prefix\">Circuito largo<\/h4><p class=\"uagb-ifb-title\">Lo recomendamos para visitantes de entre 16 y 45 a\u00f1os de edad, Con buen estado f\u00edsico, y sin graves problemas card\u00edacos.<\/p><\/div><p class=\"uagb-ifb-desc\">It will give you a maximum feeling of adventure which requires better physical condition. But on this tour we take care of your safety.You will not only be able to appreciate pristine nature at its best level of expression; also an ecosystem functioning at its best level.<\/p><\/div><\/div>\n<\/div>\n<\/div><\/div>\n\n\n\n<div class=\"wp-block-uagb-container uagb-block-0f4bcdb2 alignfull uagb-is-root-container\"><div class=\"uagb-container-inner-blocks-wrap\">\n<div class=\"wp-block-uagb-container uagb-block-58d26bbc\">\n<div class=\"wp-block-uagb-image alignright uagb-block-720eca8c wp-block-uagb-image--layout-default wp-block-uagb-image--effect-static wp-block-uagb-image--align-right\"><figure class=\"wp-block-uagb-image__figure\"><img decoding=\"async\" srcset=\"https:\/\/ecotour-ojodeagua.com\/wp-content\/uploads\/2024\/08\/ectour_jujuy-23-684x1024.jpg ,https:\/\/ecotour-ojodeagua.com\/wp-content\/uploads\/2024\/08\/ectour_jujuy-23-scaled.jpg 780w, https:\/\/ecotour-ojodeagua.com\/wp-content\/uploads\/2024\/08\/ectour_jujuy-23-scaled.jpg 360w\" sizes=\"(max-width: 480px) 150px\" src=\"https:\/\/ecotour-ojodeagua.com\/wp-content\/uploads\/2024\/08\/ectour_jujuy-23-684x1024.jpg\" alt=\"ojo de agua jujuy\" class=\"uag-image-2337\" width=\"300\" height=\"300\" title=\"ectour_jujuy-23\" loading=\"lazy\" role=\"img\"\/><\/figure><\/div>\n<\/div>\n\n\n\n<div class=\"wp-block-uagb-container uagb-block-b5babd74\">\n<div class=\"wp-block-uagb-info-box uagb-block-c1e795dd uagb-infobox__content-wrap  uagb-infobox-icon-above-title uagb-infobox-image-valign-top\"><div class=\"uagb-ifb-content\"><div class=\"uagb-ifb-title-wrap\"><h4 class=\"uagb-ifb-title-prefix\">Caminata R\u00edo Corral de piedras<\/h4><p class=\"uagb-ifb-title\">A walk of approximately 4 km.<\/p><\/div><p class=\"uagb-ifb-desc\"> Through which you will enjoy wonderful panoramic views.<\/p><\/div><\/div>\n<\/div>\n<\/div><\/div>\n\n\n\n<div class=\"wp-block-uagb-container uagb-layout-grid uagb-block-d1651bb0 alignfull uagb-is-root-container\"><div class=\"uagb-container-inner-blocks-wrap\">\n<div class=\"wp-block-uagb-info-box uagb-block-78a58b03 uagb-infobox__content-wrap  uagb-infobox-icon-above-title uagb-infobox-image-valign-top wp-block-uagb-info-box--has-margin\"><div class=\"uagb-infobox-margin-wrapper\"><div class=\"uagb-ifb-content\"><div class=\"uagb-ifb-title-wrap\"><h4 class=\"uagb-ifb-title-prefix\">Included in your day with us<\/h4><p class=\"uagb-ifb-title\">When you return from the walks, a Creole lunch will be waiting for you \u2013 for the local culture, a lunch is not just a barbecue \u2013 Jujuy gastronomy is much richer than that, and when you hire our services we will present several options for your choice.<br><br>After lunch the time for the after-dinner talks will begin. Stories, anecdotes and traditions of the place will be present. Also folk music, and if you like, some type of initiation into traditional dances.<br><br>In the mid-afternoon, or upon returning from the evening walk, we will offer you a gaucho snack, and at dusk we will return you to the city.<br><br><\/p><\/div><p class=\"uagb-ifb-desc\">.<\/p><\/div><\/div><\/div>\n\n\n\n<div class=\"wp-block-uagb-container uagb-block-cce23a99\">\n<figure class=\"wp-block-image aligncenter size-large is-resized\"><img loading=\"lazy\" decoding=\"async\" width=\"684\" height=\"1024\" src=\"https:\/\/ecotour-ojodeagua.com\/wp-content\/uploads\/2024\/08\/ectour_jujuy-2-684x1024.jpg\" alt=\"casa de campo jujuy\" class=\"wp-image-2320\" style=\"width:315px;height:auto\" srcset=\"https:\/\/ecotour-ojodeagua.com\/wp-content\/uploads\/2024\/08\/ectour_jujuy-2-684x1024.jpg 684w, https:\/\/ecotour-ojodeagua.com\/wp-content\/uploads\/2024\/08\/ectour_jujuy-2-200x300.jpg 200w, https:\/\/ecotour-ojodeagua.com\/wp-content\/uploads\/2024\/08\/ectour_jujuy-2-768x1150.jpg 768w, https:\/\/ecotour-ojodeagua.com\/wp-content\/uploads\/2024\/08\/ectour_jujuy-2-1026x1536.jpg 1026w, https:\/\/ecotour-ojodeagua.com\/wp-content\/uploads\/2024\/08\/ectour_jujuy-2-1367x2048.jpg 1367w, https:\/\/ecotour-ojodeagua.com\/wp-content\/uploads\/2024\/08\/ectour_jujuy-2-scaled.jpg 1709w\" sizes=\"(max-width: 684px) 100vw, 684px\" \/><\/figure>\n<\/div>\n<\/div><\/div>\n\n\n\n<p><\/p>\n\n\n\n<p><\/p>","protected":false},"excerpt":{"rendered":"<p>Actividades Trekking<\/p>","protected":false},"author":1,"featured_media":0,"parent":0,"menu_order":0,"comment_status":"closed","ping_status":"closed","template":"","meta":{"_uag_custom_page_level_css":"","site-sidebar-layout":"no-sidebar","site-content-layout":"page-builder","ast-site-content-layout":"full-width-container","site-content-style":"unboxed","site-sidebar-style":"unboxed","ast-global-header-display":"","ast-banner-title-visibility":"","ast-main-header-display":"","ast-hfb-above-header-display":"","ast-hfb-below-header-display":"","ast-hfb-mobile-header-display":"","site-post-title":"disabled","ast-breadcrumbs-content":"","ast-featured-img":"disabled","footer-sml-layout":"","theme-transparent-header-meta":"enabled","adv-header-id-meta":"","stick-header-meta":"","header-above-stick-meta":"","header-main-stick-meta":"","header-below-stick-meta":"","astra-migrate-meta-layouts":"set","ast-page-background-enabled":"default","ast-page-background-meta":{"desktop":{"background-color":"var(--ast-global-color-4)","background-image":"","background-repeat":"repeat","background-position":"center center","background-size":"auto","background-attachment":"scroll","background-type":"","background-media":"","overlay-type":"","overlay-color":"","overlay-opacity":"","overlay-gradient":""},"tablet":{"background-color":"","background-image":"","background-repeat":"repeat","background-position":"center center","background-size":"auto","background-attachment":"scroll","background-type":"","background-media":"","overlay-type":"","overlay-color":"","overlay-opacity":"","overlay-gradient":""},"mobile":{"background-color":"","background-image":"","background-repeat":"repeat","background-position":"center center","background-size":"auto","background-attachment":"scroll","background-type":"","background-media":"","overlay-type":"","overlay-color":"","overlay-opacity":"","overlay-gradient":""}},"ast-content-background-meta":{"desktop":{"background-color":"var(--ast-global-color-5)","background-image":"","background-repeat":"repeat","background-position":"center center","background-size":"auto","background-attachment":"scroll","background-type":"","background-media":"","overlay-type":"","overlay-color":"","overlay-opacity":"","overlay-gradient":""},"tablet":{"background-color":"var(--ast-global-color-5)","background-image":"","background-repeat":"repeat","background-position":"center center","background-size":"auto","background-attachment":"scroll","background-type":"","background-media":"","overlay-type":"","overlay-color":"","overlay-opacity":"","overlay-gradient":""},"mobile":{"background-color":"var(--ast-global-color-5)","background-image":"","background-repeat":"repeat","background-position":"center center","background-size":"auto","background-attachment":"scroll","background-type":"","background-media":"","overlay-type":"","overlay-color":"","overlay-opacity":"","overlay-gradient":""}},"footnotes":""},"class_list":["post-1326","page","type-page","status-publish","hentry"],"uagb_featured_image_src":{"full":false,"thumbnail":false,"medium":false,"medium_large":false,"large":false,"1536x1536":false,"2048x2048":false,"trp-custom-language-flag":false},"uagb_author_info":{"display_name":"perezdelapuenterdodrigo@gmail.com","author_link":"https:\/\/ecotour-ojodeagua.com\/en\/author\/perezdelapuenterdodrigogmail-com\/"},"uagb_comment_info":0,"uagb_excerpt":"Actividades Trekking","_links":{"self":[{"href":"https:\/\/ecotour-ojodeagua.com\/en\/wp-json\/wp\/v2\/pages\/1326"}],"collection":[{"href":"https:\/\/ecotour-ojodeagua.com\/en\/wp-json\/wp\/v2\/pages"}],"about":[{"href":"https:\/\/ecotour-ojodeagua.com\/en\/wp-json\/wp\/v2\/types\/page"}],"author":[{"embeddable":true,"href":"https:\/\/ecotour-ojodeagua.com\/en\/wp-json\/wp\/v2\/users\/1"}],"replies":[{"embeddable":true,"href":"https:\/\/ecotour-ojodeagua.com\/en\/wp-json\/wp\/v2\/comments?post=1326"}],"version-history":[{"count":39,"href":"https:\/\/ecotour-ojodeagua.com\/en\/wp-json\/wp\/v2\/pages\/1326\/revisions"}],"predecessor-version":[{"id":2461,"href":"https:\/\/ecotour-ojodeagua.com\/en\/wp-json\/wp\/v2\/pages\/1326\/revisions\/2461"}],"wp:attachment":[{"href":"https:\/\/ecotour-ojodeagua.com\/en\/wp-json\/wp\/v2\/media?parent=1326"}],"curies":[{"name":"wp","href":"https:\/\/api.w.org\/{rel}","templated":true}]}}